{"id":1334,"date":"2022-09-14T13:18:38","date_gmt":"2022-09-14T13:18:38","guid":{"rendered":"https:\/\/www.nauczycieledlaprzyszlosciuczniow.edu.pl\/?page_id=1334"},"modified":"2023-03-06T21:17:50","modified_gmt":"2023-03-06T21:17:50","slug":"florencja","status":"publish","type":"page","link":"https:\/\/www.nauczycieledlaprzyszlosciuczniow.edu.pl\/?page_id=1334","title":{"rendered":"FLORENCJA"},"content":{"rendered":"\t\t<div data-elementor-type=\"wp-page\" data-elementor-id=\"1334\" class=\"elementor elementor-1334\" data-elementor-post-type=\"page\">\n\t\t\t\t\t\t<section class=\"elementor-section elementor-top-section elementor-element elementor-element-8e2d0c7 elementor-section-boxed elementor-section-height-default elementor-section-height-default\" data-id=\"8e2d0c7\" data-element_type=\"section\" data-e-type=\"section\">\n\t\t\t\t\t\t<div class=\"elementor-container elementor-column-gap-default\">\n\t\t\t\t\t<div class=\"elementor-column elementor-col-100 elementor-top-column elementor-element elementor-element-a4d38fe\" data-id=\"a4d38fe\" data-element_type=\"column\" data-e-type=\"column\">\n\t\t\t<div class=\"elementor-widget-wrap elementor-element-populated\">\n\t\t\t\t\t\t<div class=\"elementor-element elementor-element-01aca8c elementor-widget elementor-widget-heading\" data-id=\"01aca8c\" data-element_type=\"widget\" data-e-type=\"widget\" data-widget_type=\"heading.default\">\n\t\t\t\t<div class=\"elementor-widget-container\">\n\t\t\t\t\t<h1 class=\"elementor-heading-title elementor-size-default\">FLORENCJA<\/h1>\t\t\t\t<\/div>\n\t\t\t\t<\/div>\n\t\t\t\t\t<\/div>\n\t\t<\/div>\n\t\t\t\t\t<\/div>\n\t\t<\/section>\n\t\t\t\t<section class=\"elementor-section elementor-top-section elementor-element elementor-element-b840db2 elementor-section-boxed elementor-section-height-default elementor-section-height-default\" data-id=\"b840db2\" data-element_type=\"section\" data-e-type=\"section\">\n\t\t\t\t\t\t<div class=\"elementor-container elementor-column-gap-default\">\n\t\t\t\t\t<div class=\"elementor-column elementor-col-100 elementor-top-column elementor-element elementor-element-1973300\" data-id=\"1973300\" data-element_type=\"column\" data-e-type=\"column\">\n\t\t\t<div class=\"elementor-widget-wrap\">\n\t\t\t\t\t\t\t<\/div>\n\t\t<\/div>\n\t\t\t\t\t<\/div>\n\t\t<\/section>\n\t\t\t\t<section class=\"elementor-section elementor-top-section elementor-element elementor-element-175612f elementor-section-boxed elementor-section-height-default elementor-section-height-default\" data-id=\"175612f\" data-element_type=\"section\" data-e-type=\"section\">\n\t\t\t\t\t\t<div class=\"elementor-container elementor-column-gap-default\">\n\t\t\t\t\t<div class=\"elementor-column elementor-col-100 elementor-top-column elementor-element elementor-element-e79b497\" data-id=\"e79b497\" data-element_type=\"column\" data-e-type=\"column\">\n\t\t\t<div class=\"elementor-widget-wrap elementor-element-populated\">\n\t\t\t\t\t\t<div class=\"elementor-element elementor-element-3ca6b92 elementor-widget elementor-widget-text-editor\" data-id=\"3ca6b92\" data-element_type=\"widget\" data-e-type=\"widget\" data-widget_type=\"text-editor.default\">\n\t\t\t\t<div class=\"elementor-widget-container\">\n\t\t\t\t\t\t\t\t\t<div id=\"tw-target-text-container\" class=\"tw-ta-container F0azHf tw-nfl\" tabindex=\"0\"><pre id=\"tw-target-text\" class=\"tw-data-text tw-text-large tw-ta\" dir=\"ltr\" data-placeholder=\"T\u0142umaczenie\"><span class=\"Y2IQFc\" lang=\"pl\">W lipcu 2022 pani Justyna Winkel wybra\u0142a si\u0119 do Florencji na kurs metodyczny dla nauczycieli j\u0119zyk\u00f3w obcych.<br \/>Kurs by\u0142 og\u00f3lnie dobrze zorganizowany, a trenerzy bardzo dobrze przygotowani. \nTam poprawi\u0142a cz\u0119\u015b\u0107 swoich umiej\u0119tno\u015bci dydaktycznych i od\u015bwie\u017cone metody nauczania Dowiedzia\u0142a si\u0119 o innych systemach edukacyjnych kraj\u00f3w i ich sposobach radzenia sobie z niekt\u00f3rymi problemami, kt\u00f3re mog\u0105 wyst\u0105pi\u0107 w ka\u017cdej szkole. <\/span><span class=\"Y2IQFc\" lang=\"pl\">Pani Justynie podoba\u0142y si\u0119 zaj\u0119cia i by\u0142a bardzo zadowolona z zakresu zdobytej wiedzy. Mia\u0142a te\u017c okazj\u0119 zwiedzi\u0107 przepi\u0119kne miasto i okolic\u0119. Relacj\u0119 mo\u017cna zobaczy\u0107 pod linkiem.<\/span><\/pre><\/div>\t\t\t\t\t\t\t\t<\/div>\n\t\t\t\t<\/div>\n\t\t\t\t<div class=\"elementor-element elementor-element-5bab276 elementor-widget elementor-widget-text-editor\" data-id=\"5bab276\" data-element_type=\"widget\" data-e-type=\"widget\" data-widget_type=\"text-editor.default\">\n\t\t\t\t<div class=\"elementor-widget-container\">\n\t\t\t\t\t\t\t\t\t<p>Relacja z wizyty we Florencji w ksi\u0105\u017cce, kt\u00f3ra jest do pobrania poni\u017cej.<\/p>\t\t\t\t\t\t\t\t<\/div>\n\t\t\t\t<\/div>\n\t\t\t\t<div class=\"elementor-element elementor-element-ebe8184 elementor-align-center elementor-widget elementor-widget-button\" data-id=\"ebe8184\" data-element_type=\"widget\" data-e-type=\"widget\" data-widget_type=\"button.default\">\n\t\t\t\t<div class=\"elementor-widget-container\">\n\t\t\t\t\t\t\t\t\t<div class=\"elementor-button-wrapper\">\n\t\t\t\t\t<a class=\"elementor-button elementor-button-link elementor-size-md\" href=\"https:\/\/read.bookcreator.com\/5dxJ8AP478cRlQcFSiV0ZUnjs433\/NFvWS50zS8a9_MhIkSFgaA\">\n\t\t\t\t\t\t<span class=\"elementor-button-content-wrapper\">\n\t\t\t\t\t\t\t\t\t<span class=\"elementor-button-text\">Otw\u00f3rz<\/span>\n\t\t\t\t\t<\/span>\n\t\t\t\t\t<\/a>\n\t\t\t\t<\/div>\n\t\t\t\t\t\t\t\t<\/div>\n\t\t\t\t<\/div>\n\t\t\t\t\t<\/div>\n\t\t<\/div>\n\t\t\t\t\t<\/div>\n\t\t<\/section>\n\t\t\t\t<\/div>\n\t\t","protected":false},"excerpt":{"rendered":"<p>FLORENCJA W lipcu 2022 pani Justyna Winkel wybra\u0142a si\u0119 do Florencji na kurs metodyczny dla nauczycieli j\u0119zyk\u00f3w obcych.Kurs by\u0142 og\u00f3lnie dobrze zorganizowany, a trenerzy bardzo dobrze przygotowani. Tam poprawi\u0142a cz\u0119\u015b\u0107 swoich umiej\u0119tno\u015bci dydaktycznych i od\u015bwie\u017cone metody nauczania Dowiedzia\u0142a si\u0119 o innych systemach edukacyjnych kraj\u00f3w i ich sposobach radzenia sobie z niekt\u00f3rymi problemami, kt\u00f3re mog\u0105 wyst\u0105pi\u0107&hellip;&nbsp;<a href=\"https:\/\/www.nauczycieledlaprzyszlosciuczniow.edu.pl\/?page_id=1334\" rel=\"bookmark\">Dowiedz si\u0119 wi\u0119cej &raquo;<span class=\"screen-reader-text\">FLORENCJA<\/span><\/a><\/p>\n","protected":false},"author":1,"featured_media":0,"parent":0,"menu_order":0,"comment_status":"closed","ping_status":"closed","template":"page-templates\/template-pagebuilder-full-width.php","meta":{"neve_meta_sidebar":"full-width","neve_meta_container":"","neve_meta_enable_content_width":"on","neve_meta_content_width":100,"neve_meta_title_alignment":"","neve_meta_author_avatar":"","neve_post_elements_order":"","neve_meta_disable_header":"","neve_meta_disable_footer":"","neve_meta_disable_title":"","footnotes":""},"class_list":["post-1334","page","type-page","status-publish","hentry"],"yoast_head":"<!-- This site is optimized with the Yoast SEO plugin v27.5 - https:\/\/yoast.com\/product\/yoast-seo-wordpress\/ -->\n<title>FLORENCJA - Erasmus dla nauczycieli<\/title>\n<meta name=\"robots\" content=\"index, follow, max-snippet:-1, max-image-preview:large, max-video-preview:-1\" \/>\n<link rel=\"canonical\" href=\"https:\/\/www.nauczycieledlaprzyszlosciuczniow.edu.pl\/?page_id=1334\" \/>\n<meta property=\"og:locale\" content=\"pl_PL\" \/>\n<meta property=\"og:type\" content=\"article\" \/>\n<meta property=\"og:title\" content=\"FLORENCJA - Erasmus dla nauczycieli\" \/>\n<meta property=\"og:description\" content=\"FLORENCJA W lipcu 2022 pani Justyna Winkel wybra\u0142a si\u0119 do Florencji na kurs metodyczny dla nauczycieli j\u0119zyk\u00f3w obcych.Kurs by\u0142 og\u00f3lnie dobrze zorganizowany, a trenerzy bardzo dobrze przygotowani. Tam poprawi\u0142a cz\u0119\u015b\u0107 swoich umiej\u0119tno\u015bci dydaktycznych i od\u015bwie\u017cone metody nauczania Dowiedzia\u0142a si\u0119 o innych systemach edukacyjnych kraj\u00f3w i ich sposobach radzenia sobie z niekt\u00f3rymi problemami, kt\u00f3re mog\u0105 wyst\u0105pi\u0107&hellip;&nbsp;Dowiedz si\u0119 wi\u0119cej &raquo;FLORENCJA\" \/>\n<meta property=\"og:url\" content=\"https:\/\/www.nauczycieledlaprzyszlosciuczniow.edu.pl\/?page_id=1334\" \/>\n<meta property=\"og:site_name\" content=\"Erasmus dla nauczycieli\" \/>\n<meta property=\"article:modified_time\" content=\"2023-03-06T21:17:50+00:00\" \/>\n<meta name=\"twitter:card\" content=\"summary_large_image\" \/>\n<meta name=\"twitter:label1\" content=\"Szacowany czas czytania\" \/>\n\t<meta name=\"twitter:data1\" content=\"1 minuta\" \/>\n<script type=\"application\/ld+json\" class=\"yoast-schema-graph\">{\"@context\":\"https:\\\/\\\/schema.org\",\"@graph\":[{\"@type\":\"WebPage\",\"@id\":\"https:\\\/\\\/www.nauczycieledlaprzyszlosciuczniow.edu.pl\\\/?page_id=1334\",\"url\":\"https:\\\/\\\/www.nauczycieledlaprzyszlosciuczniow.edu.pl\\\/?page_id=1334\",\"name\":\"FLORENCJA - Erasmus dla nauczycieli\",\"isPartOf\":{\"@id\":\"https:\\\/\\\/www.nauczycieledlaprzyszlosciuczniow.edu.pl\\\/#website\"},\"datePublished\":\"2022-09-14T13:18:38+00:00\",\"dateModified\":\"2023-03-06T21:17:50+00:00\",\"breadcrumb\":{\"@id\":\"https:\\\/\\\/www.nauczycieledlaprzyszlosciuczniow.edu.pl\\\/?page_id=1334#breadcrumb\"},\"inLanguage\":\"pl-PL\",\"potentialAction\":[{\"@type\":\"ReadAction\",\"target\":[\"https:\\\/\\\/www.nauczycieledlaprzyszlosciuczniow.edu.pl\\\/?page_id=1334\"]}]},{\"@type\":\"BreadcrumbList\",\"@id\":\"https:\\\/\\\/www.nauczycieledlaprzyszlosciuczniow.edu.pl\\\/?page_id=1334#breadcrumb\",\"itemListElement\":[{\"@type\":\"ListItem\",\"position\":1,\"name\":\"Strona g\u0142\u00f3wna\",\"item\":\"https:\\\/\\\/www.nauczycieledlaprzyszlosciuczniow.edu.pl\\\/\"},{\"@type\":\"ListItem\",\"position\":2,\"name\":\"FLORENCJA\"}]},{\"@type\":\"WebSite\",\"@id\":\"https:\\\/\\\/www.nauczycieledlaprzyszlosciuczniow.edu.pl\\\/#website\",\"url\":\"https:\\\/\\\/www.nauczycieledlaprzyszlosciuczniow.edu.pl\\\/\",\"name\":\"Erasmus dla nauczycieli\",\"description\":\"\",\"potentialAction\":[{\"@type\":\"SearchAction\",\"target\":{\"@type\":\"EntryPoint\",\"urlTemplate\":\"https:\\\/\\\/www.nauczycieledlaprzyszlosciuczniow.edu.pl\\\/?s={search_term_string}\"},\"query-input\":{\"@type\":\"PropertyValueSpecification\",\"valueRequired\":true,\"valueName\":\"search_term_string\"}}],\"inLanguage\":\"pl-PL\"}]}<\/script>\n<!-- \/ Yoast SEO plugin. -->","yoast_head_json":{"title":"FLORENCJA - Erasmus dla nauczycieli","robots":{"index":"index","follow":"follow","max-snippet":"max-snippet:-1","max-image-preview":"max-image-preview:large","max-video-preview":"max-video-preview:-1"},"canonical":"https:\/\/www.nauczycieledlaprzyszlosciuczniow.edu.pl\/?page_id=1334","og_locale":"pl_PL","og_type":"article","og_title":"FLORENCJA - Erasmus dla nauczycieli","og_description":"FLORENCJA W lipcu 2022 pani Justyna Winkel wybra\u0142a si\u0119 do Florencji na kurs metodyczny dla nauczycieli j\u0119zyk\u00f3w obcych.Kurs by\u0142 og\u00f3lnie dobrze zorganizowany, a trenerzy bardzo dobrze przygotowani. Tam poprawi\u0142a cz\u0119\u015b\u0107 swoich umiej\u0119tno\u015bci dydaktycznych i od\u015bwie\u017cone metody nauczania Dowiedzia\u0142a si\u0119 o innych systemach edukacyjnych kraj\u00f3w i ich sposobach radzenia sobie z niekt\u00f3rymi problemami, kt\u00f3re mog\u0105 wyst\u0105pi\u0107&hellip;&nbsp;Dowiedz si\u0119 wi\u0119cej &raquo;FLORENCJA","og_url":"https:\/\/www.nauczycieledlaprzyszlosciuczniow.edu.pl\/?page_id=1334","og_site_name":"Erasmus dla nauczycieli","article_modified_time":"2023-03-06T21:17:50+00:00","twitter_card":"summary_large_image","twitter_misc":{"Szacowany czas czytania":"1 minuta"},"schema":{"@context":"https:\/\/schema.org","@graph":[{"@type":"WebPage","@id":"https:\/\/www.nauczycieledlaprzyszlosciuczniow.edu.pl\/?page_id=1334","url":"https:\/\/www.nauczycieledlaprzyszlosciuczniow.edu.pl\/?page_id=1334","name":"FLORENCJA - Erasmus dla nauczycieli","isPartOf":{"@id":"https:\/\/www.nauczycieledlaprzyszlosciuczniow.edu.pl\/#website"},"datePublished":"2022-09-14T13:18:38+00:00","dateModified":"2023-03-06T21:17:50+00:00","breadcrumb":{"@id":"https:\/\/www.nauczycieledlaprzyszlosciuczniow.edu.pl\/?page_id=1334#breadcrumb"},"inLanguage":"pl-PL","potentialAction":[{"@type":"ReadAction","target":["https:\/\/www.nauczycieledlaprzyszlosciuczniow.edu.pl\/?page_id=1334"]}]},{"@type":"BreadcrumbList","@id":"https:\/\/www.nauczycieledlaprzyszlosciuczniow.edu.pl\/?page_id=1334#breadcrumb","itemListElement":[{"@type":"ListItem","position":1,"name":"Strona g\u0142\u00f3wna","item":"https:\/\/www.nauczycieledlaprzyszlosciuczniow.edu.pl\/"},{"@type":"ListItem","position":2,"name":"FLORENCJA"}]},{"@type":"WebSite","@id":"https:\/\/www.nauczycieledlaprzyszlosciuczniow.edu.pl\/#website","url":"https:\/\/www.nauczycieledlaprzyszlosciuczniow.edu.pl\/","name":"Erasmus dla nauczycieli","description":"","potentialAction":[{"@type":"SearchAction","target":{"@type":"EntryPoint","urlTemplate":"https:\/\/www.nauczycieledlaprzyszlosciuczniow.edu.pl\/?s={search_term_string}"},"query-input":{"@type":"PropertyValueSpecification","valueRequired":true,"valueName":"search_term_string"}}],"inLanguage":"pl-PL"}]}},"_links":{"self":[{"href":"https:\/\/www.nauczycieledlaprzyszlosciuczniow.edu.pl\/index.php?rest_route=\/wp\/v2\/pages\/1334","targetHints":{"allow":["GET"]}}],"collection":[{"href":"https:\/\/www.nauczycieledlaprzyszlosciuczniow.edu.pl\/index.php?rest_route=\/wp\/v2\/pages"}],"about":[{"href":"https:\/\/www.nauczycieledlaprzyszlosciuczniow.edu.pl\/index.php?rest_route=\/wp\/v2\/types\/page"}],"author":[{"embeddable":true,"href":"https:\/\/www.nauczycieledlaprzyszlosciuczniow.edu.pl\/index.php?rest_route=\/wp\/v2\/users\/1"}],"replies":[{"embeddable":true,"href":"https:\/\/www.nauczycieledlaprzyszlosciuczniow.edu.pl\/index.php?rest_route=%2Fwp%2Fv2%2Fcomments&post=1334"}],"version-history":[{"count":16,"href":"https:\/\/www.nauczycieledlaprzyszlosciuczniow.edu.pl\/index.php?rest_route=\/wp\/v2\/pages\/1334\/revisions"}],"predecessor-version":[{"id":1595,"href":"https:\/\/www.nauczycieledlaprzyszlosciuczniow.edu.pl\/index.php?rest_route=\/wp\/v2\/pages\/1334\/revisions\/1595"}],"wp:attachment":[{"href":"https:\/\/www.nauczycieledlaprzyszlosciuczniow.edu.pl\/index.php?rest_route=%2Fwp%2Fv2%2Fmedia&parent=1334"}],"curies":[{"name":"wp","href":"https:\/\/api.w.org\/{rel}","templated":true}]}}